{"id":2,"date":"2016-05-10T03:48:21","date_gmt":"2016-05-10T03:48:21","guid":{"rendered":"https:\/\/www.grill-phil.ch\/?page_id=2"},"modified":"2020-07-03T16:17:33","modified_gmt":"2020-07-03T14:17:33","slug":"sample-page","status":"publish","type":"page","link":"https:\/\/www.grill-phil.ch\/?page_id=2","title":{"rendered":"Grill Phil &#8211; Horgenberg"},"content":{"rendered":"<p>Grill\u00e4&#8230; mini gross Liid\u00e4schaft&#8230; ob im chliin\u00e4 \u00a0famili\u00e4r\u00e4 Rahm\u00e4 oder amen\u00e4 gross\u00e4 Aalass f\u00fcr en huuf\u00e4 L\u00fc\u00fct.<\/p>\n\n\n<figure class=\"wp-block-image\"><img decoding=\"async\" src=\"https:\/\/www.grill-phil.ch\/wp-content\/uploads\/2019\/05\/Spareribs2.mp4\" alt=\"\" class=\"wp-image-108\"\/><\/figure>\n\n\n\n<figure class=\"wp-block-gallery columns-3 is-cropped wp-block-gallery-1 is-layout-flex wp-block-gallery-is-layout-flex\"><ul class=\"blocks-gallery-grid\"><li class=\"blocks-gallery-item\"><figure><img loading=\"lazy\" decoding=\"async\" width=\"768\" height=\"1024\" src=\"https:\/\/www.grill-phil.ch\/wp-content\/uploads\/2019\/05\/E6290429-1460-487B-8B77-72F677FB058C-768x1024.jpeg\" alt=\"\" data-id=\"79\" data-link=\"https:\/\/www.grill-phil.ch\/?attachment_id=79\" class=\"wp-image-79\" srcset=\"https:\/\/www.grill-phil.ch\/wp-content\/uploads\/2019\/05\/E6290429-1460-487B-8B77-72F677FB058C-768x1024.jpeg 768w, https:\/\/www.grill-phil.ch\/wp-content\/uploads\/2019\/05\/E6290429-1460-487B-8B77-72F677FB058C-225x300.jpeg 225w, https:\/\/www.grill-phil.ch\/wp-content\/uploads\/2019\/05\/E6290429-1460-487B-8B77-72F677FB058C.jpeg 1200w\" sizes=\"(max-width: 767px) 89vw, (max-width: 1000px) 54vw, (max-width: 1071px) 543px, 580px\" \/><\/figure><\/li><li class=\"blocks-gallery-item\"><figure><img loading=\"lazy\" decoding=\"async\" width=\"1024\" height=\"768\" src=\"https:\/\/www.grill-phil.ch\/wp-content\/uploads\/2019\/05\/CACF75CE-C5B8-4FC9-8347-D1BC37F56231-1024x768.jpeg\" alt=\"\" data-id=\"77\" data-link=\"https:\/\/www.grill-phil.ch\/?attachment_id=77\" class=\"wp-image-77\" srcset=\"https:\/\/www.grill-phil.ch\/wp-content\/uploads\/2019\/05\/CACF75CE-C5B8-4FC9-8347-D1BC37F56231-1024x768.jpeg 1024w, https:\/\/www.grill-phil.ch\/wp-content\/uploads\/2019\/05\/CACF75CE-C5B8-4FC9-8347-D1BC37F56231-300x225.jpeg 300w, https:\/\/www.grill-phil.ch\/wp-content\/uploads\/2019\/05\/CACF75CE-C5B8-4FC9-8347-D1BC37F56231-768x576.jpeg 768w, https:\/\/www.grill-phil.ch\/wp-content\/uploads\/2019\/05\/CACF75CE-C5B8-4FC9-8347-D1BC37F56231.jpeg 1600w\" sizes=\"(max-width: 767px) 89vw, (max-width: 1000px) 54vw, (max-width: 1071px) 543px, 580px\" \/><\/figure><\/li><li class=\"blocks-gallery-item\"><figure><img loading=\"lazy\" decoding=\"async\" width=\"768\" height=\"1024\" src=\"https:\/\/www.grill-phil.ch\/wp-content\/uploads\/2019\/05\/D6DD8123-6EA6-4F4D-8E99-062DBC68622A-768x1024.jpeg\" alt=\"\" data-id=\"78\" data-link=\"https:\/\/www.grill-phil.ch\/?attachment_id=78\" class=\"wp-image-78\" srcset=\"https:\/\/www.grill-phil.ch\/wp-content\/uploads\/2019\/05\/D6DD8123-6EA6-4F4D-8E99-062DBC68622A-768x1024.jpeg 768w, https:\/\/www.grill-phil.ch\/wp-content\/uploads\/2019\/05\/D6DD8123-6EA6-4F4D-8E99-062DBC68622A-225x300.jpeg 225w, https:\/\/www.grill-phil.ch\/wp-content\/uploads\/2019\/05\/D6DD8123-6EA6-4F4D-8E99-062DBC68622A.jpeg 1200w\" sizes=\"(max-width: 767px) 89vw, (max-width: 1000px) 54vw, (max-width: 1071px) 543px, 580px\" \/><\/figure><\/li><li class=\"blocks-gallery-item\"><figure><img loading=\"lazy\" decoding=\"async\" width=\"1024\" height=\"768\" src=\"https:\/\/www.grill-phil.ch\/wp-content\/uploads\/2019\/05\/B6861BD9-2D6A-4D10-B05E-614BA5373690-1024x768.jpeg\" alt=\"\" data-id=\"76\" data-link=\"https:\/\/www.grill-phil.ch\/?attachment_id=76\" class=\"wp-image-76\" srcset=\"https:\/\/www.grill-phil.ch\/wp-content\/uploads\/2019\/05\/B6861BD9-2D6A-4D10-B05E-614BA5373690-1024x768.jpeg 1024w, https:\/\/www.grill-phil.ch\/wp-content\/uploads\/2019\/05\/B6861BD9-2D6A-4D10-B05E-614BA5373690-300x225.jpeg 300w, https:\/\/www.grill-phil.ch\/wp-content\/uploads\/2019\/05\/B6861BD9-2D6A-4D10-B05E-614BA5373690-768x576.jpeg 768w, https:\/\/www.grill-phil.ch\/wp-content\/uploads\/2019\/05\/B6861BD9-2D6A-4D10-B05E-614BA5373690.jpeg 1600w\" sizes=\"(max-width: 767px) 89vw, (max-width: 1000px) 54vw, (max-width: 1071px) 543px, 580px\" \/><\/figure><\/li><li class=\"blocks-gallery-item\"><figure><img loading=\"lazy\" decoding=\"async\" width=\"1024\" height=\"768\" src=\"https:\/\/www.grill-phil.ch\/wp-content\/uploads\/2019\/05\/F08105CC-2C05-44FD-9303-00B90487F745-1024x768.jpeg\" alt=\"\" data-id=\"68\" data-link=\"https:\/\/www.grill-phil.ch\/?attachment_id=68\" class=\"wp-image-68\" srcset=\"https:\/\/www.grill-phil.ch\/wp-content\/uploads\/2019\/05\/F08105CC-2C05-44FD-9303-00B90487F745-1024x768.jpeg 1024w, https:\/\/www.grill-phil.ch\/wp-content\/uploads\/2019\/05\/F08105CC-2C05-44FD-9303-00B90487F745-300x225.jpeg 300w, https:\/\/www.grill-phil.ch\/wp-content\/uploads\/2019\/05\/F08105CC-2C05-44FD-9303-00B90487F745-768x576.jpeg 768w, https:\/\/www.grill-phil.ch\/wp-content\/uploads\/2019\/05\/F08105CC-2C05-44FD-9303-00B90487F745.jpeg 2048w\" sizes=\"(max-width: 767px) 89vw, (max-width: 1000px) 54vw, (max-width: 1071px) 543px, 580px\" \/><\/figure><\/li><li class=\"blocks-gallery-item\"><figure><img loading=\"lazy\" decoding=\"async\" width=\"1024\" height=\"1024\" src=\"https:\/\/www.grill-phil.ch\/wp-content\/uploads\/2019\/05\/DD8FA6FD-4C2C-4B4A-A99B-6E785DC780D2-1024x1024.jpeg\" alt=\"\" data-id=\"43\" data-link=\"https:\/\/www.grill-phil.ch\/?attachment_id=43\" class=\"wp-image-43\" srcset=\"https:\/\/www.grill-phil.ch\/wp-content\/uploads\/2019\/05\/DD8FA6FD-4C2C-4B4A-A99B-6E785DC780D2-1024x1024.jpeg 1024w, https:\/\/www.grill-phil.ch\/wp-content\/uploads\/2019\/05\/DD8FA6FD-4C2C-4B4A-A99B-6E785DC780D2-150x150.jpeg 150w, https:\/\/www.grill-phil.ch\/wp-content\/uploads\/2019\/05\/DD8FA6FD-4C2C-4B4A-A99B-6E785DC780D2-300x300.jpeg 300w, https:\/\/www.grill-phil.ch\/wp-content\/uploads\/2019\/05\/DD8FA6FD-4C2C-4B4A-A99B-6E785DC780D2-768x768.jpeg 768w, https:\/\/www.grill-phil.ch\/wp-content\/uploads\/2019\/05\/DD8FA6FD-4C2C-4B4A-A99B-6E785DC780D2-100x100.jpeg 100w, https:\/\/www.grill-phil.ch\/wp-content\/uploads\/2019\/05\/DD8FA6FD-4C2C-4B4A-A99B-6E785DC780D2.jpeg 2048w\" sizes=\"(max-width: 767px) 89vw, (max-width: 1000px) 54vw, (max-width: 1071px) 543px, 580px\" \/><\/figure><\/li><li class=\"blocks-gallery-item\"><figure><img loading=\"lazy\" decoding=\"async\" width=\"1024\" height=\"683\" src=\"https:\/\/www.grill-phil.ch\/wp-content\/uploads\/2019\/05\/4FB0AC7E-2D9F-4A5B-AEBE-FDD33706D4CD-1024x683.jpeg\" alt=\"\" data-id=\"28\" data-link=\"https:\/\/www.grill-phil.ch\/?attachment_id=28\" class=\"wp-image-28\" srcset=\"https:\/\/www.grill-phil.ch\/wp-content\/uploads\/2019\/05\/4FB0AC7E-2D9F-4A5B-AEBE-FDD33706D4CD-1024x683.jpeg 1024w, https:\/\/www.grill-phil.ch\/wp-content\/uploads\/2019\/05\/4FB0AC7E-2D9F-4A5B-AEBE-FDD33706D4CD-300x200.jpeg 300w, https:\/\/www.grill-phil.ch\/wp-content\/uploads\/2019\/05\/4FB0AC7E-2D9F-4A5B-AEBE-FDD33706D4CD-768x512.jpeg 768w\" sizes=\"(max-width: 767px) 89vw, (max-width: 1000px) 54vw, (max-width: 1071px) 543px, 580px\" \/><\/figure><\/li><li class=\"blocks-gallery-item\"><figure><img loading=\"lazy\" decoding=\"async\" width=\"1024\" height=\"1024\" src=\"https:\/\/www.grill-phil.ch\/wp-content\/uploads\/2019\/05\/E89179C4-55A9-4597-89C5-38B1FF67773D-1024x1024.jpeg\" alt=\"\" data-id=\"16\" data-link=\"https:\/\/www.grill-phil.ch\/?attachment_id=16\" class=\"wp-image-16\" srcset=\"https:\/\/www.grill-phil.ch\/wp-content\/uploads\/2019\/05\/E89179C4-55A9-4597-89C5-38B1FF67773D-1024x1024.jpeg 1024w, https:\/\/www.grill-phil.ch\/wp-content\/uploads\/2019\/05\/E89179C4-55A9-4597-89C5-38B1FF67773D-150x150.jpeg 150w, https:\/\/www.grill-phil.ch\/wp-content\/uploads\/2019\/05\/E89179C4-55A9-4597-89C5-38B1FF67773D-300x300.jpeg 300w, https:\/\/www.grill-phil.ch\/wp-content\/uploads\/2019\/05\/E89179C4-55A9-4597-89C5-38B1FF67773D-768x768.jpeg 768w, https:\/\/www.grill-phil.ch\/wp-content\/uploads\/2019\/05\/E89179C4-55A9-4597-89C5-38B1FF67773D-100x100.jpeg 100w, https:\/\/www.grill-phil.ch\/wp-content\/uploads\/2019\/05\/E89179C4-55A9-4597-89C5-38B1FF67773D.jpeg 1080w\" sizes=\"(max-width: 767px) 89vw, (max-width: 1000px) 54vw, (max-width: 1071px) 543px, 580px\" \/><figcaption class=\"blocks-gallery-item__caption\">Chilli und B\u00e4rlauch<\/figcaption><\/figure><\/li><li class=\"blocks-gallery-item\"><figure><img loading=\"lazy\" decoding=\"async\" width=\"1024\" height=\"1024\" src=\"https:\/\/www.grill-phil.ch\/wp-content\/uploads\/2019\/05\/58AAB1AC-5C2A-405B-9575-FB1718FFC4D6-1024x1024.jpeg\" alt=\"\" data-id=\"14\" data-link=\"https:\/\/www.grill-phil.ch\/?attachment_id=14\" class=\"wp-image-14\" srcset=\"https:\/\/www.grill-phil.ch\/wp-content\/uploads\/2019\/05\/58AAB1AC-5C2A-405B-9575-FB1718FFC4D6-1024x1024.jpeg 1024w, https:\/\/www.grill-phil.ch\/wp-content\/uploads\/2019\/05\/58AAB1AC-5C2A-405B-9575-FB1718FFC4D6-150x150.jpeg 150w, https:\/\/www.grill-phil.ch\/wp-content\/uploads\/2019\/05\/58AAB1AC-5C2A-405B-9575-FB1718FFC4D6-300x300.jpeg 300w, https:\/\/www.grill-phil.ch\/wp-content\/uploads\/2019\/05\/58AAB1AC-5C2A-405B-9575-FB1718FFC4D6-768x768.jpeg 768w, https:\/\/www.grill-phil.ch\/wp-content\/uploads\/2019\/05\/58AAB1AC-5C2A-405B-9575-FB1718FFC4D6-100x100.jpeg 100w\" sizes=\"(max-width: 767px) 89vw, (max-width: 1000px) 54vw, (max-width: 1071px) 543px, 580px\" \/><figcaption class=\"blocks-gallery-item__caption\">Ch\u00e4s&#8230;<\/figcaption><\/figure><\/li><li class=\"blocks-gallery-item\"><figure><img loading=\"lazy\" decoding=\"async\" width=\"1024\" height=\"1024\" src=\"https:\/\/www.grill-phil.ch\/wp-content\/uploads\/2019\/05\/AE66CDC6-EFE9-4E89-B121-D7F60DEF68A1-1024x1024.jpeg\" alt=\"\" data-id=\"7\" data-link=\"https:\/\/www.grill-phil.ch\/?attachment_id=7\" class=\"wp-image-7\" srcset=\"https:\/\/www.grill-phil.ch\/wp-content\/uploads\/2019\/05\/AE66CDC6-EFE9-4E89-B121-D7F60DEF68A1-1024x1024.jpeg 1024w, https:\/\/www.grill-phil.ch\/wp-content\/uploads\/2019\/05\/AE66CDC6-EFE9-4E89-B121-D7F60DEF68A1-150x150.jpeg 150w, https:\/\/www.grill-phil.ch\/wp-content\/uploads\/2019\/05\/AE66CDC6-EFE9-4E89-B121-D7F60DEF68A1-300x300.jpeg 300w, https:\/\/www.grill-phil.ch\/wp-content\/uploads\/2019\/05\/AE66CDC6-EFE9-4E89-B121-D7F60DEF68A1-768x768.jpeg 768w, https:\/\/www.grill-phil.ch\/wp-content\/uploads\/2019\/05\/AE66CDC6-EFE9-4E89-B121-D7F60DEF68A1-100x100.jpeg 100w\" sizes=\"(max-width: 767px) 89vw, (max-width: 1000px) 54vw, (max-width: 1071px) 543px, 580px\" \/><\/figure><\/li><\/ul><\/figure>\n","protected":false},"excerpt":{"rendered":"<p>Grill\u00e4&#8230; mini gross Liid\u00e4schaft&#8230; ob im chliin\u00e4 \u00a0famili\u00e4r\u00e4 Rahm\u00e4 oder amen\u00e4 gross\u00e4 Aalass f\u00fcr en huuf\u00e4 L\u00fc\u00fct.<\/p>\n","protected":false},"author":1,"featured_media":0,"parent":0,"menu_order":0,"comment_status":"closed","ping_status":"closed","template":"","meta":{"footnotes":""},"_links":{"self":[{"href":"https:\/\/www.grill-phil.ch\/index.php?rest_route=\/wp\/v2\/pages\/2"}],"collection":[{"href":"https:\/\/www.grill-phil.ch\/index.php?rest_route=\/wp\/v2\/pages"}],"about":[{"href":"https:\/\/www.grill-phil.ch\/index.php?rest_route=\/wp\/v2\/types\/page"}],"author":[{"embeddable":true,"href":"https:\/\/www.grill-phil.ch\/index.php?rest_route=\/wp\/v2\/users\/1"}],"replies":[{"embeddable":true,"href":"https:\/\/www.grill-phil.ch\/index.php?rest_route=%2Fwp%2Fv2%2Fcomments&post=2"}],"version-history":[{"count":3,"href":"https:\/\/www.grill-phil.ch\/index.php?rest_route=\/wp\/v2\/pages\/2\/revisions"}],"predecessor-version":[{"id":185,"href":"https:\/\/www.grill-phil.ch\/index.php?rest_route=\/wp\/v2\/pages\/2\/revisions\/185"}],"wp:attachment":[{"href":"https:\/\/www.grill-phil.ch\/index.php?rest_route=%2Fwp%2Fv2%2Fmedia&parent=2"}],"curies":[{"name":"wp","href":"https:\/\/api.w.org\/{rel}","templated":true}]}}